{"id":23,"date":"2019-10-27T10:28:36","date_gmt":"2019-10-27T09:28:36","guid":{"rendered":"http:\/\/192.168.2.69\/wordpress\/?page_id=22"},"modified":"2021-03-28T20:47:07","modified_gmt":"2021-03-28T18:47:07","slug":"press-and-media","status":"publish","type":"page","link":"https:\/\/sarahantier.eu\/index.php\/press-and-media\/","title":{"rendered":"Press and Media"},"content":{"rendered":"\n<h2 class=\"wp-block-heading\">2021<\/h2>\n\n\n\n<ul><li><strong>ARTICLE<\/strong> &#8211; &#8220;Les plus grandes explosions du cosmos&#8221;, avec R. Mochkovitch, J. Guilet, R. Raynaud LaRecherche, Printemps. <em>I have written the section related to kilonova properties.<\/em><\/li><\/ul>\n\n\n\n<h2 class=\"wp-block-heading\">2020<\/h2>\n\n\n\n<ul><li><strong>PORTRAIT<\/strong> &#8211; &#8220;<a href=\"https:\/\/www.lepoint.fr\/sciences-nature\/sarah-antier-la-femme-qui-ecoute-l-univers-06-12-2020-2404401_1924.php\">Sarah Antier, la femme qui \u00e9coute l&#8217;Univers<\/a>&#8220;, Par Chlo\u00e9 Durand-Parenti, D\u00e9cembre 2020 &#8211; <em>It was an honor to <\/em>be interviewed by Chlo\u00e9 Durand, that describes well my CV and my passion to Astronomy.<\/li><\/ul>\n\n\n\n<ul><li><strong>RADIO<\/strong> &#8211; &#8220;<a href=\"https:\/\/www.franceculture.fr\/emissions\/la-methode-scientifique\/astronomie-multimessager-croisez-les-sources\">Astronomie multi-messager, croisez les sources<\/a>&#8220;, avec M. Bizouard, La m\u00e9thode scientifique, France, Culture, <em>With M. Bizouard, describing the needs of matching the messengers for understanding the violent Universe <\/em><\/li><\/ul>\n\n\n\n<ul><li><strong>PODCAST<\/strong> &#8211; &#8220;<a href=\"https:\/\/www.youtube.com\/watch?v=c_dSXvWx1B8\">La passion de l&#8217;Astronomie<\/a>&#8220;, Interview de Charles Brillet, Juin 2020. <em>Discussion about my passion of astronomy<\/em><\/li><\/ul>\n\n\n\n<ul><li><strong>PODCAST<\/strong> &#8211; &#8220;<a href=\"https:\/\/seriousaudio.bandcamp.com\/album\/talents-scientifiques\">Talents Scientifiques. Univers notre macro-onde<\/a>&#8220;, Serious Audio, Mai 2020. <em>It is related to gravitational waves, and EM counterpart<\/em><\/li><\/ul>\n\n\n\n<h2 class=\"wp-block-heading\">2019<\/h2>\n\n\n\n<ul><li><strong>ARTICLE<\/strong> &#8211; &#8220;<a href=\"https:\/\/www.lesechos.fr\/idees-debats\/sciences-prospective\/la-voute-celeste-un-patrimoine-en-danger-1152661\">La Vo\u00fbte C\u00e9leste, notre patrimoine en danger ?<\/a>&#8220;, Les Echos, 4 December 2019.<\/li><\/ul>\n\n\n\n<ul><li><strong>INTERVIEW<\/strong> &#8211; <a href=\"https:\/\/www.lesechos.fr\/idees-debats\/sciences-prospective\/ondes-gravitationnelles-la-traque-sorganise-1143290\">&#8220;Ondes gravitationnelles&nbsp;: la traque s&#8217;organise&#8221;, Les Echos<\/a>, 29 October 2019 &#8211; I<em> have been interviewed about the GRANDMA network I have initiated one year and half ago in the context of Gravitational waves electromagnetic counterpart.<\/em><\/li><\/ul>\n\n\n\n<ul><li><strong>INTERVIEW<\/strong> &#8211; Sur l\u2019astronomie gravitationnelle, <a href=\"https:\/\/www.sciencesetavenir.fr\/espace\/univers\/edito-sciences-et-avenir-872-l-univers-violent_137618\">Sciences et Avenir 872 : l&#8217;Univers violent<\/a>, October 2019 &#8211; <em>I have been interviewed for the alert system deployed by the LIGO\/Virgo in case of gravitational waves detected. In this folder, the GRANDMA network is also presented as an example of following-up GW alerts to find the optical counterpart.<\/em><\/li><\/ul>\n\n\n\n<ul><li><strong>ARTICLE<\/strong> &#8211; \u00ab&nbsp;Mobilisation plan\u00e9taire&nbsp;\u00bb, <a href=\"https:\/\/www.larecherche.fr\/parution\/mensuel-551\">laRecherche : La Nouvelle Astrophysique<\/a>, September 2019 &#8211; <em>I have written an article about the need of global coordination between telescopes and space instruments to find the electromagnetic counterpart of gravitational waves.<\/em><\/li><\/ul>\n\n\n\n<ul><li><strong>NOMINATION<\/strong> &#8211; <a href=\"https:\/\/www.vanityfair.fr\/pouvoir\/business\/diaporama\/vf-30-de-moins-de-30-ans-2019\/58452\">\u00ab&nbsp;Les 30 de moins de 30 ans qui vont changer la France&nbsp;\u00bb<\/a>, Vanity Fair, September 2019 &#8211; <em>I have been selected by Vanity Fair for my early career success for my excellence in research, as a scientist leader of an international collaboration.<\/em><\/li><\/ul>\n\n\n\n<ul><li><strong>PODCAST<\/strong> &#8211; <a href=\"https:\/\/www.cieletespace.fr\/actualites\/sarah-antier-pour-decouvrir-l-origine-d-une-onde-gravitationnelle-il-faut-agir-vite\">Ciel et Espace<\/a>, Interview, 28 May 2019 &#8211; <em>I have been interviewed for Gravitational waves data analysis (how to detect gravitational waves ?), the O3 follow-up campaign of LIGO-Virgo and the open science program kilonova-catcher.<\/em><\/li><\/ul>\n\n\n\n<ul><li><strong>PRESS MEDIA<\/strong> &#8211; <a href=\"https:\/\/www.ligo.org\/news\/pr-O3NSmergerMay2019.pdf\">New Updates from the LIGO-Virgo collaboration<\/a>, 2nd, May, 2019 &#8211; <em>With Giovanni Prodi, I represented the Virgo collaboration and answered to word wide journalist questions<\/em> about our recent gravitational wave alerts.<\/li><\/ul>\n\n\n\n<ul><li><strong>RADIO<\/strong> &#8211; <a href=\"https:\/\/www.franceinter.fr\/emissions\/la-tete-au-carre\/la-tete-au-carre-05-avril-2019\">France Inter, \u00ab&nbsp;Le club de la t\u00eate au carr\u00e9&nbsp;\u00bb<\/a>, 5 April 2019 &#8211; <em>I have been interviewed in the context the start of the third observational campaign organized by LIGO-Virgo and the open science project of GRANDMA &#8220;kilonova-catcher&#8221;.<\/em><\/li><\/ul>\n\n\n\n<ul><li><strong>ARTICLE<\/strong> &#8211; <a href=\"https:\/\/in2p3.cnrs.fr\/fr\/cnrsinfo\/les-detecteurs-dondes-gravitationnelles-unissent-leurs-forces-pour-une-nouvelle-annee-de\">Les d\u00e9tecteurs d&#8217;ondes gravitationnelles unissent leurs forces pour une nouvelle ann\u00e9e de chasse au signal<\/a>, Actualit\u00e9s IN2P3, 1 April 2019 &#8211;<em> I have been interviewed for the low-latency infrastructure developped by LIGO-Virgo collaboration to send alerts in case of gravitational wave detections.<\/em><\/li><\/ul>\n\n\n\n<h2 class=\"wp-block-heading\">2018<\/h2>\n\n\n\n<ul><li><strong>INTERVIEW<\/strong> &#8211;  <a href=\"https:\/\/www.tv78.com\/7-8-le-journal-jeudi-25-octobre-2018\/\">TV 78, Journal, October 2018<\/a> &#8211; I<em> have been interviewed about my research field &#8220;multi-messenger astronomy&#8221; and the L&#8217;Or\u00e9al-Unesco Prize for Women in Science 2018.<\/em><\/li><\/ul>\n\n\n\n<ul><li><strong>INTERVIEW<\/strong> &#8211; <a href=\"https:\/\/www.lefigaro.fr\/sciences\/2018\/11\/19\/01008-20181119ARTFIG00207-quand-l-absence-de-femmes-affecte-la-recherche-scientifique.php\">&#8220;La recherche scientifique reste encore une affaire d&#8217;homme&#8221;<\/a> &#8211; Figaro, November 2018 &#8211; <em>I have been interviewed in the context of the l&#8217;Or\u00e9al-Unesco Prize for Women in Science 2018<\/em><\/li><\/ul>\n\n\n\n<ul><li><strong>INTERVIEW<\/strong> &#8211; &#8220;<a href=\"https:\/\/www.yvelines-infos.fr\/des-yvelinoises-recompensees-pour-leurs-recherches\/\">Des Yvelinoises r\u00e9compens\u00e9es pour leurs recherches<\/a>&#8220;, Yvelines Info, Oct 2018  &#8211; <em>I have been interviewed to present my research in the context of the l&#8217;Or\u00e9al-Unesco Prize for Women in Science 2018<\/em> <\/li><\/ul>\n\n\n\n<ul><li><strong>ARTICLE<\/strong> &#8211; &#8220;<a href=\"https:\/\/in2p3.cnrs.fr\/fr\/cnrsinfo\/audrey-francisco-bosson-et-sarah-antier-laureates-de-la-bourse-loreal-unesco-2018-pour-les\">Audrey Francisco-Bosson et Sarah Antier laur\u00e9ates de la bourse L&#8217;Or\u00e9al-UNESCO 2018 &#8220;Pour les Femmes et la Science<\/a>&#8220;, Actualit\u00e9s IN2P3, 10 October 2018 &#8211; <em>For the l&#8217;Or\u00e9al-Unesco Prize for Women in Science 2018<\/em><\/li><\/ul>\n\n\n\n<ul><li><strong>ARTICLE<\/strong> &#8211; &#8220;<a href=\"http:\/\/www.actu.u-psud.fr\/fr\/recherche\/actualites-2018\/bourses-l-oreal-unesco-felicitations-aux-laureates-de-l-universite-paris-sud.html\">Bourses L\u2019Or\u00e9al-Unesco : f\u00e9licitation aux laur\u00e9ates de l\u2019Universit\u00e9 Paris-Sud, Actualit\u00e9s Universit\u00e9 Paris-Sud<\/a>&#8220;, 9 October 2018 &#8211; <em>For the l&#8217;Or\u00e9al-Unesco Prize for Women in Science 2018<\/em><\/li><\/ul>\n\n\n\n<ul><li><strong>INTERVIEW<\/strong> &#8211; &#8220;<a href=\"https:\/\/www.sciencemag.org\/careers\/2018\/11\/considering-going-abroad-work-recent-research-can-help-you-weigh-pros-and-cons\">Considering going abroad for work? Recent research can help you weigh the pros and cons<\/a>&#8220;, Science Career, 30 Nov 2018 &#8211; I<em>n this interview, I have expressed my thoughts about working abroad at early research career.<\/em><\/li><\/ul>\n\n\n\n<ul><li><strong>INTERVIEW<\/strong> &#8211; <a href=\"https:\/\/www.sciencemag.org\/careers\/2018\/02\/celebrating-women-science\">&#8220;Celebrating women in science<\/a>&#8220;, Science Career, 11 Fev 2018 &#8211; <em>In this interview, I have shared my experience as being a women in Astrophysicist field.<\/em><\/li><\/ul>\n\n\n\n<h2 class=\"wp-block-heading\">2017<\/h2>\n\n\n\n<ul><li><strong>RADIO<\/strong> &#8211; <a href=\"https:\/\/www.franceinter.fr\/emissions\/la-tete-au-carre\/la-tete-au-carre-24-novembre-2017\">France Inter, \u00ab&nbsp;Le club de la t\u00eate au carr\u00e9&nbsp;\u00bb, 24 November 2017<\/a> &#8211; <em>I have been interviewed for my LIGO-Virgo experience during the GW170817 discovery.<\/em><\/li><\/ul>\n\n\n\n<ul><li><strong>ARTICLE<\/strong> &#8211; &#8220;<a href=\"https:\/\/theconversation.com\/a-lecoute-des-murmures-de-lunivers-ma-belle-aventure-autour-dune-decouverte-astronomique-87808\">A l&#8217;\u00e9coute des murmures de l&#8217;Univers<\/a>&#8220;, TheConversatoin.fr, November 2018 &#8211; <em>I have written an article about GW170817 discovery taken the point of view of the Virgo experience.<\/em><\/li><\/ul>\n\n\n\n<ul><li><strong>PRESS CONFERENCE<\/strong> <a href=\"https:\/\/twitter.com\/SVOM_mission\/status\/922464945106837505\">&#8211; &#8220;GW170817 Multi-messenger campaign<\/a>&#8220;, <em>GW170817 China Press release, <\/em>Tsinghua University, October 2017<\/li><\/ul>\n\n\n\n<ul><li><strong>ARTICLE<\/strong> &#8211; <a href=\"https:\/\/cn.ambafrance.org\/IMG\/pdf\/cnrsenchine_25_fr_final_27juillet.pdf\">&#8220;Le projet satellitaire SVOM au c\u0153ur de la coop. franco-chinoise&#8221;<\/a>, CNRS en Chine, Num\u00e9ro 25 &#8211; <em>I have written an article about the french-chinese project SVOM.<\/em><\/li><\/ul>\n","protected":false},"excerpt":{"rendered":"<p>2021 ARTICLE &#8211; &#8220;Les plus grandes explosions du cosmos&#8221;, avec R. Mochkovitch, J. Guilet, R. Raynaud LaRecherche, Printemps. I have written the section related to kilonova properties. 2020 PORTRAIT &#8211; &#8220;Sarah Antier, la femme qui \u00e9coute l&#8217;Univers&#8220;, Par Chlo\u00e9 Durand-Parenti, D\u00e9cembre 2020 &#8211; It was an honor to be interviewed [&hellip;]<\/p>\n","protected":false},"author":1,"featured_media":0,"parent":0,"menu_order":0,"comment_status":"closed","ping_status":"closed","template":"","meta":{"footnotes":""},"_links":{"self":[{"href":"https:\/\/sarahantier.eu\/index.php\/wp-json\/wp\/v2\/pages\/23"}],"collection":[{"href":"https:\/\/sarahantier.eu\/index.php\/wp-json\/wp\/v2\/pages"}],"about":[{"href":"https:\/\/sarahantier.eu\/index.php\/wp-json\/wp\/v2\/types\/page"}],"author":[{"embeddable":true,"href":"https:\/\/sarahantier.eu\/index.php\/wp-json\/wp\/v2\/users\/1"}],"replies":[{"embeddable":true,"href":"https:\/\/sarahantier.eu\/index.php\/wp-json\/wp\/v2\/comments?post=23"}],"version-history":[{"count":8,"href":"https:\/\/sarahantier.eu\/index.php\/wp-json\/wp\/v2\/pages\/23\/revisions"}],"predecessor-version":[{"id":251,"href":"https:\/\/sarahantier.eu\/index.php\/wp-json\/wp\/v2\/pages\/23\/revisions\/251"}],"wp:attachment":[{"href":"https:\/\/sarahantier.eu\/index.php\/wp-json\/wp\/v2\/media?parent=23"}],"curies":[{"name":"wp","href":"https:\/\/api.w.org\/{rel}","templated":true}]}}