{"id":22,"date":"2019-10-27T10:27:59","date_gmt":"2019-10-27T09:27:59","guid":{"rendered":"http:\/\/192.168.2.69\/wordpress\/?page_id=20"},"modified":"2026-03-06T17:01:11","modified_gmt":"2026-03-06T16:01:11","slug":"aboutme","status":"publish","type":"page","link":"https:\/\/sarahantier.eu\/","title":{"rendered":"About me"},"content":{"rendered":"\n<h2 class=\"wp-block-heading\">Astrophysicist, <a href=\"https:\/\/www.google.com\/search?client=firefox-b-d&amp;hs=GKTp&amp;sca_esv=9ce3d57fdcda1de3&amp;sxsrf=ANbL-n6QiOu1FxsGK5kiIOFIjL5ws-RmsQ:1772812817640&amp;q=IJCLab+%7C+Laboratoire+de+Physique+des+2+Infinis+Ir%C3%A8ne+Joliot-Curie&amp;si=AL3DRZGNtcdgKOqVhotcr-UG2kkYpwR2WO4qu3O00NmpwBmLncpbOnu6JNXIA4JjDxCJ548rQRnj6DienV2PPfFsJ4mfJSLMwc16DWypS1eUGWrfvDYPD5IKbi3cmb2rFdh2g1A0Jo078czPoLMb21KDfA_0SpcaeaOH7e3ZeqYdYp_iYRCB-R6byR5av0y_spKYfQ1vYmyY&amp;sa=X&amp;ved=2ahUKEwi6uP6x0ouTAxUKTKQEHdXpCAIQ_coHegQIMxAB\">Laboratoire de Physique des 2 Infinis Ir\u00e8ne Joliot-Curie<\/a>, Orsay<\/h2>\n\n\n\n<p>I am a currently a CNAP Astronome Adjointe working at <a href=\"https:\/\/www.google.com\/search?client=firefox-b-d&amp;hs=GKTp&amp;sca_esv=9ce3d57fdcda1de3&amp;sxsrf=ANbL-n6QiOu1FxsGK5kiIOFIjL5ws-RmsQ:1772812817640&amp;q=IJCLab+%7C+Laboratoire+de+Physique+des+2+Infinis+Ir%C3%A8ne+Joliot-Curie&amp;si=AL3DRZGNtcdgKOqVhotcr-UG2kkYpwR2WO4qu3O00NmpwBmLncpbOnu6JNXIA4JjDxCJ548rQRnj6DienV2PPfFsJ4mfJSLMwc16DWypS1eUGWrfvDYPD5IKbi3cmb2rFdh2g1A0Jo078czPoLMb21KDfA_0SpcaeaOH7e3ZeqYdYp_iYRCB-R6byR5av0y_spKYfQ1vYmyY&amp;sa=X&amp;ved=2ahUKEwi6uP6x0ouTAxUKTKQEHdXpCAIQ_coHegQIMxAB\">Laboratoire de Physique des 2 Infinis Ir\u00e8ne Joliot-Curie<\/a> at Universit\u00e9 Paris-Saclay<\/p>\n\n\n\n<p>My research interests focus on multi-messenger astronomy with gravitational waves, gamma-ray bursts and kilonovae.<\/p>\n\n\n\n<p>In particular, I am studying the merger of neutrons stars. I am combining both informations from the gravitational wave signal and the electromagnetic side to constrain the binary parameters of the two initial neutrons stars, the equation of state of supranuclear density matter, the ejected matter during the collision witness gamma-ray bursts and kilonova (see publication records).<\/p>\n\n\n\n<p>I am member of the <a href=\"http:\/\/www.virgo-gw.eu\/\">LIGO-Virgo<\/a> collaboration, <a href=\"http:\/\/www.svom.fr\/en\/\">SVOM<\/a> collaboration, and PI of the <a href=\"https:\/\/grandma.lal.in2p3.fr\/\">GRANDMA<\/a> collaboration. I am currently working on the multi-messenger effort both of data analysis (detecting electromagnetic transients), coordination of the observations to enable new discoveries.<\/p>\n\n\n\n<p>I am particularly sensitive to give access to public of wonderful science discoveries (see <a href=\"https:\/\/grandma-kilonovacatcher.lal.in2p3.fr\/\">GRANDMA science program<\/a>). As a young mother, I am acting for women in science via the l&#8217;Oreal-Unesco prize fellow-ship (2018).<\/p>\n","protected":false},"excerpt":{"rendered":"<p>Astrophysicist, Laboratoire de Physique des 2 Infinis Ir\u00e8ne Joliot-Curie, Orsay I am a currently a CNAP Astronome Adjointe working at Laboratoire de Physique des 2 Infinis Ir\u00e8ne Joliot-Curie at Universit\u00e9 Paris-Saclay My research interests focus on multi-messenger astronomy with gravitational waves, gamma-ray bursts and kilonovae. In particular, I am studying [&hellip;]<\/p>\n","protected":false},"author":1,"featured_media":0,"parent":0,"menu_order":0,"comment_status":"closed","ping_status":"closed","template":"","meta":{"footnotes":""},"_links":{"self":[{"href":"https:\/\/sarahantier.eu\/index.php\/wp-json\/wp\/v2\/pages\/22"}],"collection":[{"href":"https:\/\/sarahantier.eu\/index.php\/wp-json\/wp\/v2\/pages"}],"about":[{"href":"https:\/\/sarahantier.eu\/index.php\/wp-json\/wp\/v2\/types\/page"}],"author":[{"embeddable":true,"href":"https:\/\/sarahantier.eu\/index.php\/wp-json\/wp\/v2\/users\/1"}],"replies":[{"embeddable":true,"href":"https:\/\/sarahantier.eu\/index.php\/wp-json\/wp\/v2\/comments?post=22"}],"version-history":[{"count":1,"href":"https:\/\/sarahantier.eu\/index.php\/wp-json\/wp\/v2\/pages\/22\/revisions"}],"predecessor-version":[{"id":303,"href":"https:\/\/sarahantier.eu\/index.php\/wp-json\/wp\/v2\/pages\/22\/revisions\/303"}],"wp:attachment":[{"href":"https:\/\/sarahantier.eu\/index.php\/wp-json\/wp\/v2\/media?parent=22"}],"curies":[{"name":"wp","href":"https:\/\/api.w.org\/{rel}","templated":true}]}}