{"id":140,"date":"2019-11-11T09:09:23","date_gmt":"2019-11-11T08:09:23","guid":{"rendered":"http:\/\/192.168.2.69\/wordpress\/?page_id=140"},"modified":"2021-03-29T08:18:47","modified_gmt":"2021-03-29T06:18:47","slug":"outreach","status":"publish","type":"page","link":"https:\/\/sarahantier.eu\/index.php\/outreach\/","title":{"rendered":"Outreach"},"content":{"rendered":"\n<p>Based on multi-messenger astronomy with gravitational waves, I have given some public talks to astronomer amateurs clubs or in cities. I am also participating to the open science program <a href=\"https:\/\/grandma-kilonovacatcher.lal.in2p3.fr\/\">&#8220;Kilonova-catcher&#8221;<\/a> of the GRANDMA consortium. It consists in participation of the amateurs astronomers to the follow-up of gravitational waves to find the optical signal &#8220;Kilonova&#8221;.<\/p>\n\n\n\n<h2 class=\"wp-block-heading\">2021<\/h2>\n\n\n\n<ul><li><strong>YOUTUBE<\/strong> &#8211; PUBLIC &#8211;<a href=\"https:\/\/www.youtube.com\/watch?v=LYomHkqcBEQ\"> <\/a><a href=\"https:\/\/www.youtube.com\/watch?v=WIDxZDA2ZvY\">Multi-messenger astronomy and Kilonova-catcher,<\/a> AAVSO Weblnar, February 2021<\/li><\/ul>\n\n\n\n<ul><li><strong>YOUTUBE<\/strong> &#8211; PUBLIC <a href=\"https:\/\/www.youtube.com\/channel\/UCfDgNj8y2K8kg3kBxzfsTkw\">Seminars for the GRANDMA collaboration on activities around Gravitational-Wave Astronomy<\/a><\/li><\/ul>\n\n\n\n<h2 class=\"wp-block-heading\">2020<\/h2>\n\n\n\n<ul><li><strong>PUBLIC LECTURE<\/strong> &#8211; <a href=\"https:\/\/www.youtube.com\/watch?v=289RsZkFO1c\">Kilonova-catcher<\/a>, LABEX Univearth, 16th December 2020<\/li><\/ul>\n\n\n\n<ul><li><strong>PUBLIC LECTURE<\/strong> &#8211; <a href=\"http:\/\/lescepheides.canalblog.com\/archives\/2020\/07\/23\/38445230.html\">Destination Univers Violent<\/a>, Nuit des Etoiles \u00e0 Vaux sur Mer, 9th August 2020<\/li><\/ul>\n\n\n\n<ul><li><strong>YOUTUBE<\/strong> &#8211; PUBLIC  &#8211; <a href=\"https:\/\/www.youtube.com\/watch?v=LYomHkqcBEQ\">Connectez-vous aux kilonovae<\/a>, 2 mai 2020, pour la f\u00e9d\u00e9ration des astronomes amateurs du Qu\u00e9bec<\/li><\/ul>\n\n\n\n<h2 class=\"wp-block-heading\">2019<\/h2>\n\n\n\n<ul><li><strong>PUBLIC LECTURE<\/strong> &#8211; <a href=\"https:\/\/www.ville-st-remy-chevreuse.fr\/evenement\/cycle-astronomie\/\">Connectez-vous aux ondes gravitationnelles<\/a>, Saint Remy les Chevreuse Dec 2019<\/li><\/ul>\n\n\n\n<ul><li><strong>PUBLIC LECTURE<\/strong> &#8211; <a href=\"http:\/\/www.telecom-physique.fr\/actualites\/actualite\/news\/lastronomie-gravitationnelle-conference-du-dr-sarah-antier-cnes-centre-national-detudes-spatia\/\">L&#8217;astronomie Muti-messagers<\/a>, T\u00e9l\u00e9com Physique Strasbourg, Sept 2019<\/li><\/ul>\n\n\n\n<ul><li><strong>PUBLIC LECTURE<\/strong> &#8211; Gravitational wave astronomy, Soci\u00e9t\u00e9 Astronomique de France Groupe d\u2019Alsace, Sept 2019<\/li><\/ul>\n\n\n\n<ul><li><strong>Mini-Talk at Paris Air Show<\/strong> &#8211; Gravitational wave astronomy, Stand du CNES, June 2019<\/li><\/ul>\n\n\n\n<ul><li><strong>PUBLIC LECTURE<\/strong> &#8211; <a href=\"https:\/\/www.afastronomie.fr\/manifestations\/a-la-chasse-au-kilonovae-presente-par-sarah-antier\">A la chasse au kilonova<\/a>,  Les Cepheides, June Royan<\/li><\/ul>\n\n\n\n<ul><li><strong>YOUTUBE TUTORIAL<\/strong> &#8211; <a href=\"https:\/\/www.youtube.com\/watch?v=dBRc6zFrjF8\">Sky localization and gravitational wave alerts<\/a>, GW Open Data Worshop, Paris, April 2019<\/li><\/ul>\n\n\n\n<ul><li><strong>OPEN SCIENCE<\/strong> <strong>PLATEFORM<\/strong> &#8211; Start of <a href=\"https:\/\/grandma.lal.in2p3.fr\/education-and-public\/amateur-astronomy\/\">Kilonova-catcher<\/a> program<\/li><\/ul>\n\n\n\n<h2 class=\"wp-block-heading\">2018<\/h2>\n\n\n\n<ul><li><strong>WEBSITE <\/strong>&#8211; Start of the GRANDMA website that explains the collaboration, the science objectives and give some updates of the observations<\/li><\/ul>\n\n\n\n<h2 class=\"wp-block-heading\">2016<\/h2>\n\n\n\n<ul><li><strong>SCHOOL ACTIVITY<\/strong> &#8211; Presentation of astronomy to &#8220;coll\u00e9giens de 3\u00e8me&#8221; with S\u00e9bastien Dubos, Coll\u00e8ge H\u00e9l\u00e8ne Boucher, Voisins le Bretonneux, France<\/li><\/ul>\n\n\n\n<h2 class=\"wp-block-heading\">2015<\/h2>\n\n\n\n<ul><li><strong>SCHOOL ACTIVITY<\/strong> &#8211; Solar eclipse with &#8220;classes de primaires CM1-CM2&#8221; with S\u00e9bastien Dubos, Saint R\u00e9my les Chevreuse, France<\/li><\/ul>\n\n\n\n<h2 class=\"wp-block-heading\">2014<\/h2>\n\n\n\n<ul><li><strong>SCHOOL ACTIVITY<\/strong> &#8211; Scientific animation during Master&#8217;s day &#8211; Presentation of the CEA\/Irfu departement to Masters students.<\/li><\/ul>\n\n\n\n<h2 class=\"wp-block-heading\">2013<\/h2>\n\n\n\n<ul><li><strong>EXPOSITION<\/strong> &#8211; Scientific animation <a href=\"http:\/\/www.relais-sciences.org\/zoom\/\">exposition Zoom<\/a>, organized by CEA\/Irfu, Orsay France<\/li><\/ul>\n\n\n\n<p><\/p>\n","protected":false},"excerpt":{"rendered":"<p>Based on multi-messenger astronomy with gravitational waves, I have given some public talks to astronomer amateurs clubs or in cities. I am also participating to the open science program &#8220;Kilonova-catcher&#8221; of the GRANDMA consortium. It consists in participation of the amateurs astronomers to the follow-up of gravitational waves to find [&hellip;]<\/p>\n","protected":false},"author":1,"featured_media":0,"parent":0,"menu_order":0,"comment_status":"closed","ping_status":"closed","template":"","meta":{"footnotes":""},"_links":{"self":[{"href":"https:\/\/sarahantier.eu\/index.php\/wp-json\/wp\/v2\/pages\/140"}],"collection":[{"href":"https:\/\/sarahantier.eu\/index.php\/wp-json\/wp\/v2\/pages"}],"about":[{"href":"https:\/\/sarahantier.eu\/index.php\/wp-json\/wp\/v2\/types\/page"}],"author":[{"embeddable":true,"href":"https:\/\/sarahantier.eu\/index.php\/wp-json\/wp\/v2\/users\/1"}],"replies":[{"embeddable":true,"href":"https:\/\/sarahantier.eu\/index.php\/wp-json\/wp\/v2\/comments?post=140"}],"version-history":[{"count":6,"href":"https:\/\/sarahantier.eu\/index.php\/wp-json\/wp\/v2\/pages\/140\/revisions"}],"predecessor-version":[{"id":271,"href":"https:\/\/sarahantier.eu\/index.php\/wp-json\/wp\/v2\/pages\/140\/revisions\/271"}],"wp:attachment":[{"href":"https:\/\/sarahantier.eu\/index.php\/wp-json\/wp\/v2\/media?parent=140"}],"curies":[{"name":"wp","href":"https:\/\/api.w.org\/{rel}","templated":true}]}}